{"id":5273,"date":"2020-08-10T12:11:38","date_gmt":"2020-08-10T12:11:38","guid":{"rendered":"https:\/\/berlinsidestories.de\/agb"},"modified":"2020-08-10T12:18:44","modified_gmt":"2020-08-10T12:18:44","slug":"agb","status":"publish","type":"page","link":"https:\/\/berlinsidestories.de\/de\/agb\/","title":{"rendered":"AGB"},"content":{"rendered":"<p>[vc_row css=&#8220;.vc_custom_1541410009389{padding-bottom: 90px !important;}&#8220;][vc_column offset=&#8220;vc_col-lg-6 vc_col-md-6 vc_col-xs-12&#8243;][vc_column_text]<\/p>\n<h2 class=\"p1\"><span class=\"s1\"><b>ALLGEMEINE GESCH\u00c4FTSBEDINGUNGEN (AGB)<\/b><\/span><\/h2>\n<p class=\"p4\"><span class=\"s1\">Die folgenden Gesch\u00e4ftsbedingungen gelten beim Abschluss eines Veranstaltungsvertrages als akzeptiert:<\/span><\/p>\n<h3><span class=\"s1\">1. Erf\u00fcllungsort und Gerichtsstand<\/span><\/h3>\n<p class=\"p4\"><span class=\"s1\">Gerichtsstand und Erf\u00fcllungsort ist Berlin.<\/span><\/p>\n<h3><span class=\"s1\">2. Dienstleistung, Buchung und Vertragsschluss<\/span><\/h3>\n<p class=\"p4\"><span class=\"s1\">Die Veranstalter Berlinsidestories organisieren gef\u00fchrte St\u00e4dtetouren, Erlebnistouren und Aktivit\u00e4ten. Der Veranstalter ist in der Regel alleiniger Vertragspartner, es sei denn der Veranstalter tritt als Vermittler gegen\u00fcber Drittanbietern auf. Dies wird ausdr\u00fccklich vorher kommuniziert. <\/span><\/p>\n<p class=\"p4\"><span class=\"s1\">Die Anmeldung von Veranstaltungen kann m\u00fcndlich, schriftlich oder per Mail erfolgen. Die Buchung wird verbindlich, sobald die bestellte Leistung von Berlinsidestories, im Folgenden auch Veranstalter genannt, schriftlich oder per Mail best\u00e4tigt wird. Aus der Buchung m\u00fcssen die Teilnehmerzahl, das Leistungsspektrum, sowie der vereinbarte Preis hervorgehen. Buchen mehrere Personen durch eine nat\u00fcrliche oder juristische person (z.B. Firma), so haftet diese f\u00fcr jede\/n einzelne\/n Teilnehmer*in, sowie f\u00fcr eigene Verbindlichkeiten, sofern nichts anderes vereinbart ist. <\/span><\/p>\n<h3 class=\"p4\"><span class=\"s1\">3. Zahlung<\/span><\/h3>\n<p class=\"p4\"><span class=\"s1\">Grunds\u00e4tzlich geht der Kunde in Vorkasse. Bei Abschluss des Vertrages und abgeschlossener Buchung muss der Kunde den vereinbarten Preis \u00fcberweisen. Ab Eingang des vereinbarten Preises gilt die Aktivit\u00e4t als ordnungsgem\u00e4\u00df gebucht. <\/span><\/p>\n<p class=\"p4\"><span class=\"s1\">Bei kurzfristigen Anfragen und Buchungen, sowie bei diversen Spezialtouren, kann alternativ nach Vereinbarung die Bezahlung in bar vor Ort bei Antritt der Aktivit\u00e4t vorgenommen werden. <\/span><\/p>\n<h3 class=\"p4\"><span class=\"s1\">4.<span class=\"Apple-converted-space\">\u00a0<\/span>R\u00fccktritt durch den Kunden und Nichtwahrnehmung der Veranstaltung<\/span><\/h3>\n<p class=\"p4\"><span class=\"s1\">Der R\u00fccktritt kann jederzeit erfolgen. Ma\u00dfgeblich ist der Eingang der R\u00fccktrittserkl\u00e4rung bei Berlinsidestories. Der R\u00fccktritt muss schriftlich erfolgen. Eine Erstattung des bereits gezahlten Kaufpreises kann nur unter bestimmten Bedingungen erfolgen. Tritt der Kunde kurzfristig vom Vertrag zur\u00fcck oder nimmt er einen vereinbarten Termin nicht wahr ohne vorher vom Vertrag zur\u00fcckzutreten, wird keine R\u00fcckerstattung vorgenommen. <\/span><\/p>\n<p class=\"p4\"><span class=\"s1\">Bei R\u00fccktritt bis 5 Tage vor dem vereinbarten Termin werden 100% des Gesamtpreises erstattet. Ab 4 Tage vor dem vereinbarten Termin werden 50% des Gesamtpreises erstattet. Bei Stornierungen die ab 24 Stunden vor Beginn der Veranstaltung vorgenommen werden, oder bei Nichterscheinen des Kunden zur Veranstaltung, kann keine R\u00fcckerstattung erfolgen. Das Selbe gilt bei kurzfristigen Buchungen und Aktivit\u00e4ten, die vor Ort in bar bezahlt werden. Werden diese ab 24 Stunden vor Veranstaltung vom Kunden abgesagt oder nicht wahrgenommen, kann der Veranstalter eine Entsch\u00e4digung in H\u00f6he von 100% des Kaufpreises verlangen. <\/span><\/p>\n<p class=\"p4\"><span class=\"s1\">Bei R\u00fccktritt von Leistungen, die durch Berlinsidestories lediglich vermittelt werden, gelten die R\u00fccktrittsbedingungen der jeweiligen Leistungstr\u00e4ger.<\/span><\/p>\n<h3 class=\"p4\"><span class=\"s1\">5. Leistung und Leistungs\u00e4nderungen<\/span><\/h3>\n<p class=\"p4\"><span class=\"s1\">Der Umfang der vertraglichen Leistungen ergibt sich aus der best\u00e4tigten Anmeldung. Nebenabreden bed\u00fcrfen der schriftlichen Best\u00e4tigung durch den Veranstalter.<\/span><\/p>\n<p class=\"p4\"><span class=\"s1\">Abweichungen vom vertraglich vereinbarten Inhalt des Vertrages, die nach Vertragsschluss notwendig werden und vom Veranstalter nicht herbeigef\u00fchrt worden sind, sind nur zul\u00e4ssig, soweit die \u00c4nderungen nicht erheblich sind und den Gesamtzuschnitt des vereinbarten Programms nicht beeintr\u00e4chtigen. Sollten aufgrund h\u00f6herer Gewalt, wie Unwetter oder Katastrophen Teile oder die gesamte F\u00fchrung unm\u00f6glich sein, \u00fcbernimmt der Veranstalter keine Haftung.<\/span><\/p>\n<p class=\"p4\"><span class=\"s1\">Der Veranstalter unternimmt alles in seiner Macht stehende um den Ablauf der Veranstaltung wie vereinbart zu gestalten. Sollte aufgrund \u00e4u\u00dferer Umst\u00e4nde, wie Demonstrationen, Gro\u00dfveranstaltungen, Sperrungen eine vom vereinbarten Verlauf abweichende F\u00fchrung nur m\u00f6glich sein, sind Schadensersatzanspr\u00fcche ausgeschlossen.<\/span><\/p>\n<p class=\"p4\"><span class=\"s1\">Die Wartepflicht des Guides am vereinbarten Treffpunkt betr\u00e4gt 30 Minuten. Der genaue Treffpunkt wird bei der Buchung mittgeteilt und ist von beiden Vertragspartnern unbedingt einzuhalten. Bei Nichteinhaltung des vertraglich vereinbarten Beginns der F\u00fchrungen bzw. Versp\u00e4tung von mehr als 30 Minuten durch den Kunden ohne telefonische R\u00fccksprache und Zustimmung des Veranstalters besteht kein Leistungsanspruch. Bei \u00dcberschreitung der vereinbarten Endzeit aufgrund von Versp\u00e4tungen durch den Kunden gelten die Stornierungsbedingungen des Veranstalters. Eine \u00dcberschreitung der vereinbarten Dauer der F\u00fchrung bzw. des vereinbarten Endzeitpunktes ist nur nach R\u00fccksprache vor Ort m\u00f6glich.<\/span><\/p>\n<h3 class=\"p4\"><span class=\"s1\">6. Haftung<\/span><\/h3>\n<p class=\"p4\"><span class=\"s1\">Berlinsidestories haftet als Veranstalter f\u00fcr die ordnungsgem\u00e4\u00dfe Durchf\u00fchrung der vertraglich vereinbarten Leistungen, die gewissenhafte Vorbereitung der Aktivit\u00e4t, sowie f\u00fcr die sorgf\u00e4ltige Auswahl und \u00dcberwachung der Drittanbieter.<\/span><\/p>\n<p class=\"p4\"><span class=\"s1\">Berlinsidestories haftet nicht f\u00fcr Leistungen, die als Fremdleistungen anderer Leistungsanbieter vermittelt werden oder Sch\u00e4den, die durch Drittanbieter oder externe Dienstleister, wie Transportunternehmen, entstehen. Ferner haftet Berlinsidestories nicht f\u00fcr Sch\u00e4den, die durch h\u00f6here Gewalt oder auf Verantwortung des Kunden entstehen. <\/span><\/p>\n<h3 class=\"p4\"><span class=\"s1\">7. Mitwirkungspflicht<\/span><\/h3>\n<p class=\"p4\"><span class=\"s1\">Die Teilnehmer\/innen sind verpflichtet, bei auftretenden Leistungsst\u00f6rungen im Rahmen der gesetzlichen Bestimmungen mitzuwirken, eventuelle Sch\u00e4den zu vermeiden oder gering zu halten. Sie sind insbesondere verpflichtet, Beanstandungen unverz\u00fcglich dem Veranstalter mitzuteilen. Die Teilnehmer\/innen verpflichten sich, die Hausordnung der gebuchten St\u00e4tten zu beachten. Die Hausordnung wird an Ort und Stelle durch Aushang bekannt gegeben.<\/span><\/p>\n<h3 class=\"p4\"><span class=\"s1\">8. Datenschutz<\/span><\/h3>\n<p class=\"p4\"><span class=\"s1\">Der Kunde ist damit einverstanden, dass die f\u00fcr die Abwicklung der vereinbarten Leistung zur Verf\u00fcgung gestellten Daten auch weiterhin vom Veranstalter f\u00fcr die Kundenbetreuung verwendet werden. Diese Daten werden im Sinne des Bundesdatenschutzgesetzes nicht an Dritte weitergegeben. Mit Ausf\u00fcllen des Kontaktformulares und dem Senden einer Anfrage gibt der Kunde sich mit der Speicherung der Kontaktdaten einverstanden. Diese werden lediglich zum Kontaktieren und Abwicklung einer Buchung verwendet. <\/span><\/p>\n<p>[\/vc_column_text][\/vc_column][\/vc_row]<\/p>\n","protected":false},"excerpt":{"rendered":"<p>[vc_row css=&#8220;.vc_custom_1541410009389{padding-bottom: 90px !important;}&#8220;][vc_column offset=&#8220;vc_col-lg-6 vc_col-md-6 vc_col-xs-12&#8243;][vc_column_text] ALLGEMEINE GESCH\u00c4FTSBEDINGUNGEN (AGB) Die folgenden Gesch\u00e4ftsbedingungen gelten beim Abschluss eines Veranstaltungsvertrages als akzeptiert: 1. Erf\u00fcllungsort und Gerichtsstand Gerichtsstand und Erf\u00fcllungsort ist Berlin. 2. Dienstleistung, Buchung und Vertragsschluss Die Veranstalter Berlinsidestories organisieren gef\u00fchrte St\u00e4dtetouren, Erlebnistouren und Aktivit\u00e4ten. Der Veranstalter ist in der Regel alleiniger Vertragspartner, es sei denn der Veranstalter tritt als Vermittler gegen\u00fcber Drittanbietern auf. Dies [&hellip;]<\/p>\n","protected":false},"author":1,"featured_media":0,"parent":0,"menu_order":0,"comment_status":"closed","ping_status":"open","template":"","meta":{"footnotes":""},"class_list":["post-5273","page","type-page","status-publish","hentry"],"yoast_head":"<!-- This site is optimized with the Yoast SEO plugin v27.1.1 - https:\/\/yoast.com\/product\/yoast-seo-wordpress\/ -->\n<title>AGB - Berlinsidestories<\/title>\n<meta name=\"description\" content=\"ALLGEMEINE GESCH\u00c4FTSBEDINGUNGEN (AGB)\" \/>\n<meta name=\"robots\" content=\"index, follow, max-snippet:-1, max-image-preview:large, max-video-preview:-1\" \/>\n<link rel=\"canonical\" href=\"https:\/\/berlinsidestories.de\/de\/agb\/\" \/>\n<meta property=\"og:locale\" content=\"de_DE\" \/>\n<meta property=\"og:type\" content=\"article\" \/>\n<meta property=\"og:title\" content=\"AGB - Berlinsidestories\" \/>\n<meta property=\"og:description\" content=\"ALLGEMEINE GESCH\u00c4FTSBEDINGUNGEN (AGB)\" \/>\n<meta property=\"og:url\" content=\"https:\/\/berlinsidestories.de\/de\/agb\/\" \/>\n<meta property=\"og:site_name\" content=\"Berlinsidestories\" \/>\n<meta property=\"article:publisher\" content=\"https:\/\/www.facebook.com\/berlinsidestories\" \/>\n<meta property=\"article:modified_time\" content=\"2020-08-10T12:18:44+00:00\" \/>\n<meta name=\"twitter:card\" content=\"summary_large_image\" \/>\n<meta name=\"twitter:label1\" content=\"Gesch\u00e4tzte Lesezeit\" \/>\n\t<meta name=\"twitter:data1\" content=\"4\u00a0Minuten\" \/>\n<script type=\"application\/ld+json\" class=\"yoast-schema-graph\">{\"@context\":\"https:\/\/schema.org\",\"@graph\":[{\"@type\":\"WebPage\",\"@id\":\"https:\/\/berlinsidestories.de\/de\/agb\/\",\"url\":\"https:\/\/berlinsidestories.de\/de\/agb\/\",\"name\":\"AGB - Berlinsidestories\",\"isPartOf\":{\"@id\":\"https:\/\/berlinsidestories.de\/de\/#website\"},\"datePublished\":\"2020-08-10T12:11:38+00:00\",\"dateModified\":\"2020-08-10T12:18:44+00:00\",\"description\":\"ALLGEMEINE GESCH\u00c4FTSBEDINGUNGEN (AGB)\",\"breadcrumb\":{\"@id\":\"https:\/\/berlinsidestories.de\/de\/agb\/#breadcrumb\"},\"inLanguage\":\"de\",\"potentialAction\":[{\"@type\":\"ReadAction\",\"target\":[\"https:\/\/berlinsidestories.de\/de\/agb\/\"]}]},{\"@type\":\"BreadcrumbList\",\"@id\":\"https:\/\/berlinsidestories.de\/de\/agb\/#breadcrumb\",\"itemListElement\":[{\"@type\":\"ListItem\",\"position\":1,\"name\":\"Startseite\",\"item\":\"https:\/\/berlinsidestories.de\/de\/\"},{\"@type\":\"ListItem\",\"position\":2,\"name\":\"AGB\"}]},{\"@type\":\"WebSite\",\"@id\":\"https:\/\/berlinsidestories.de\/de\/#website\",\"url\":\"https:\/\/berlinsidestories.de\/de\/\",\"name\":\"BerlinsideStories\",\"description\":\"Urban culture tours in Berlin\",\"publisher\":{\"@id\":\"https:\/\/berlinsidestories.de\/de\/#organization\"},\"potentialAction\":[{\"@type\":\"SearchAction\",\"target\":{\"@type\":\"EntryPoint\",\"urlTemplate\":\"https:\/\/berlinsidestories.de\/de\/?s={search_term_string}\"},\"query-input\":{\"@type\":\"PropertyValueSpecification\",\"valueRequired\":true,\"valueName\":\"search_term_string\"}}],\"inLanguage\":\"de\"},{\"@type\":\"Organization\",\"@id\":\"https:\/\/berlinsidestories.de\/de\/#organization\",\"name\":\"BerlinSideStories\",\"url\":\"https:\/\/berlinsidestories.de\/de\/\",\"logo\":{\"@type\":\"ImageObject\",\"inLanguage\":\"de\",\"@id\":\"https:\/\/berlinsidestories.de\/de\/#\/schema\/logo\/image\/\",\"url\":\"https:\/\/berlinsidestories.de\/wp-content\/uploads\/2020\/07\/Logo_BSS_hochformat2-e1595510130611.png\",\"contentUrl\":\"https:\/\/berlinsidestories.de\/wp-content\/uploads\/2020\/07\/Logo_BSS_hochformat2-e1595510130611.png\",\"width\":500,\"height\":447,\"caption\":\"BerlinSideStories\"},\"image\":{\"@id\":\"https:\/\/berlinsidestories.de\/de\/#\/schema\/logo\/image\/\"},\"sameAs\":[\"https:\/\/www.facebook.com\/berlinsidestories\",\"https:\/\/www.instagram.com\/berlinsidestories\/\"]}]}<\/script>\n<!-- \/ Yoast SEO plugin. -->","yoast_head_json":{"title":"AGB - Berlinsidestories","description":"ALLGEMEINE GESCH\u00c4FTSBEDINGUNGEN (AGB)","robots":{"index":"index","follow":"follow","max-snippet":"max-snippet:-1","max-image-preview":"max-image-preview:large","max-video-preview":"max-video-preview:-1"},"canonical":"https:\/\/berlinsidestories.de\/de\/agb\/","og_locale":"de_DE","og_type":"article","og_title":"AGB - Berlinsidestories","og_description":"ALLGEMEINE GESCH\u00c4FTSBEDINGUNGEN (AGB)","og_url":"https:\/\/berlinsidestories.de\/de\/agb\/","og_site_name":"Berlinsidestories","article_publisher":"https:\/\/www.facebook.com\/berlinsidestories","article_modified_time":"2020-08-10T12:18:44+00:00","twitter_card":"summary_large_image","twitter_misc":{"Gesch\u00e4tzte Lesezeit":"4\u00a0Minuten"},"schema":{"@context":"https:\/\/schema.org","@graph":[{"@type":"WebPage","@id":"https:\/\/berlinsidestories.de\/de\/agb\/","url":"https:\/\/berlinsidestories.de\/de\/agb\/","name":"AGB - Berlinsidestories","isPartOf":{"@id":"https:\/\/berlinsidestories.de\/de\/#website"},"datePublished":"2020-08-10T12:11:38+00:00","dateModified":"2020-08-10T12:18:44+00:00","description":"ALLGEMEINE GESCH\u00c4FTSBEDINGUNGEN (AGB)","breadcrumb":{"@id":"https:\/\/berlinsidestories.de\/de\/agb\/#breadcrumb"},"inLanguage":"de","potentialAction":[{"@type":"ReadAction","target":["https:\/\/berlinsidestories.de\/de\/agb\/"]}]},{"@type":"BreadcrumbList","@id":"https:\/\/berlinsidestories.de\/de\/agb\/#breadcrumb","itemListElement":[{"@type":"ListItem","position":1,"name":"Startseite","item":"https:\/\/berlinsidestories.de\/de\/"},{"@type":"ListItem","position":2,"name":"AGB"}]},{"@type":"WebSite","@id":"https:\/\/berlinsidestories.de\/de\/#website","url":"https:\/\/berlinsidestories.de\/de\/","name":"BerlinsideStories","description":"Urban culture tours in Berlin","publisher":{"@id":"https:\/\/berlinsidestories.de\/de\/#organization"},"potentialAction":[{"@type":"SearchAction","target":{"@type":"EntryPoint","urlTemplate":"https:\/\/berlinsidestories.de\/de\/?s={search_term_string}"},"query-input":{"@type":"PropertyValueSpecification","valueRequired":true,"valueName":"search_term_string"}}],"inLanguage":"de"},{"@type":"Organization","@id":"https:\/\/berlinsidestories.de\/de\/#organization","name":"BerlinSideStories","url":"https:\/\/berlinsidestories.de\/de\/","logo":{"@type":"ImageObject","inLanguage":"de","@id":"https:\/\/berlinsidestories.de\/de\/#\/schema\/logo\/image\/","url":"https:\/\/berlinsidestories.de\/wp-content\/uploads\/2020\/07\/Logo_BSS_hochformat2-e1595510130611.png","contentUrl":"https:\/\/berlinsidestories.de\/wp-content\/uploads\/2020\/07\/Logo_BSS_hochformat2-e1595510130611.png","width":500,"height":447,"caption":"BerlinSideStories"},"image":{"@id":"https:\/\/berlinsidestories.de\/de\/#\/schema\/logo\/image\/"},"sameAs":["https:\/\/www.facebook.com\/berlinsidestories","https:\/\/www.instagram.com\/berlinsidestories\/"]}]}},"_links":{"self":[{"href":"https:\/\/berlinsidestories.de\/de\/wp-json\/wp\/v2\/pages\/5273","targetHints":{"allow":["GET"]}}],"collection":[{"href":"https:\/\/berlinsidestories.de\/de\/wp-json\/wp\/v2\/pages"}],"about":[{"href":"https:\/\/berlinsidestories.de\/de\/wp-json\/wp\/v2\/types\/page"}],"author":[{"embeddable":true,"href":"https:\/\/berlinsidestories.de\/de\/wp-json\/wp\/v2\/users\/1"}],"replies":[{"embeddable":true,"href":"https:\/\/berlinsidestories.de\/de\/wp-json\/wp\/v2\/comments?post=5273"}],"version-history":[{"count":3,"href":"https:\/\/berlinsidestories.de\/de\/wp-json\/wp\/v2\/pages\/5273\/revisions"}],"predecessor-version":[{"id":5284,"href":"https:\/\/berlinsidestories.de\/de\/wp-json\/wp\/v2\/pages\/5273\/revisions\/5284"}],"wp:attachment":[{"href":"https:\/\/berlinsidestories.de\/de\/wp-json\/wp\/v2\/media?parent=5273"}],"curies":[{"name":"wp","href":"https:\/\/api.w.org\/{rel}","templated":true}]}}